{"id":685,"date":"2025-02-20T20:40:58","date_gmt":"2025-02-20T20:40:58","guid":{"rendered":"https:\/\/mbdcleanservices.net\/?page_id=685"},"modified":"2025-03-18T17:44:23","modified_gmt":"2025-03-18T17:44:23","slug":"faq-foire-aux-questions","status":"publish","type":"page","link":"https:\/\/mbdcleanservices.net\/index.php\/faq-foire-aux-questions\/","title":{"rendered":"FAQ (Foire Aux Questions)"},"content":{"rendered":"\n<div class=\"wp-block-columns alignwide are-vertically-aligned-center is-layout-flex wp-container-core-columns-is-layout-9d6595d7 wp-block-columns-is-layout-flex\">\n<div class=\"wp-block-column is-vertically-aligned-center is-layout-flow wp-block-column-is-layout-flow\">\n<h3 class=\"wp-block-heading alignwide\"><strong>1. Quels sont les services propos\u00e9s ?<\/strong><\/h3>\n\n\n\n<p>Nous proposons des services de nettoyage r\u00e9sidentiel et professionnel, y compris des formules de base, interm\u00e9diaires, compl\u00e8tes et de nettoyage apr\u00e8s \u00e9v\u00e9nement ou apr\u00e8s travaux.<\/p>\n\n\n\n<h3 class=\"wp-block-heading alignwide\"><strong>2. Comment puis-je r\u00e9server un service ?<\/strong><\/h3>\n\n\n\n<p>Vous pouvez nous contacter par t\u00e9l\u00e9phone, e-mail ou via notre site web pour demander un devis et planifier le nettoyage.<\/p>\n\n\n\n<h3 class=\"wp-block-heading alignwide\"><strong>3. Les produits de nettoyage sont-ils inclus dans le service ?<\/strong><\/h3>\n\n\n\n<p>Oui, nous utilisons des produits de haute qualit\u00e9 et notre propre mat\u00e9riel. Si vous souhaitez utiliser vos propres produits, nous pouvons nous adapter.<\/p>\n\n\n\n<h3 class=\"wp-block-heading alignwide\"><strong>4. Puis-je r\u00e9server un service en dehors des heures de bureau ?<\/strong><\/h3>\n\n\n\n<p>Oui, nous proposons des horaires flexibles, y compris le soir et les week-ends.<\/p>\n\n\n\n<h3 class=\"wp-block-heading alignwide\"><strong>5. Vos professionnels sont-ils qualifi\u00e9s et fiables ?<\/strong><\/h3>\n\n\n\n<p>Oui, notre \u00e9quipe est form\u00e9e, exp\u00e9riment\u00e9e et respecte toutes les normes de s\u00e9curit\u00e9 et d\u2019hygi\u00e8ne.<\/p>\n\n\n\n<h3 class=\"wp-block-heading alignwide\"><strong>6. Que se passe-t-il si je dois annuler ou reporter un service ?<\/strong><\/h3>\n\n\n\n<p>Il suffit de nous pr\u00e9venir au moins <strong>24 heures \u00e0 l&#8217;avance<\/strong> pour reprogrammer sans frais suppl\u00e9mentaires.<\/p>\n\n\n\n<h3 class=\"wp-block-heading alignwide\"><strong>7. Proposez-vous des contrats mensuels pour les entreprises ?<\/strong><\/h3>\n\n\n\n<p>Oui, nous proposons des contrats mensuels et des plans personnalis\u00e9s pour assurer un environnement propre et organis\u00e9.<\/p>\n\n\n\n<h3 class=\"wp-block-heading\"><strong>8. Comment fonctionne le paiement ?<\/strong><\/h3>\n\n\n\n<p>Le paiement peut \u00eatre effectu\u00e9 en esp\u00e8ces, par virement bancaire ou par carte de cr\u00e9dit\/d\u00e9bit.<\/p>\n<\/div>\n<\/div>\n","protected":false},"excerpt":{"rendered":"<p>1. Quels sont les services propos\u00e9s ? Nous proposons des services de nettoyage r\u00e9sidentiel et professionnel, y compris des formules de base, interm\u00e9diaires, compl\u00e8tes et de nettoyage apr\u00e8s \u00e9v\u00e9nement ou apr\u00e8s travaux. 2. Comment puis-je r\u00e9server un service ? Vous pouvez nous contacter par t\u00e9l\u00e9phone, e-mail ou via notre site web pour demander un devis&hellip;&nbsp;<a href=\"https:\/\/mbdcleanservices.net\/index.php\/faq-foire-aux-questions\/\" rel=\"bookmark\">Ler mais &raquo;<span class=\"screen-reader-text\">FAQ (Foire Aux Questions)<\/span><\/a><\/p>\n","protected":false},"author":1,"featured_media":0,"parent":0,"menu_order":0,"comment_status":"closed","ping_status":"closed","template":"","meta":{"neve_meta_sidebar":"","neve_meta_container":"","neve_meta_enable_content_width":"","neve_meta_content_width":0,"neve_meta_title_alignment":"","neve_meta_author_avatar":"","neve_post_elements_order":"","neve_meta_disable_header":"","neve_meta_disable_footer":"","neve_meta_disable_title":"","_themeisle_gutenberg_block_has_review":false,"footnotes":""},"class_list":["post-685","page","type-page","status-publish","hentry"],"_links":{"self":[{"href":"https:\/\/mbdcleanservices.net\/index.php\/wp-json\/wp\/v2\/pages\/685","targetHints":{"allow":["GET"]}}],"collection":[{"href":"https:\/\/mbdcleanservices.net\/index.php\/wp-json\/wp\/v2\/pages"}],"about":[{"href":"https:\/\/mbdcleanservices.net\/index.php\/wp-json\/wp\/v2\/types\/page"}],"author":[{"embeddable":true,"href":"https:\/\/mbdcleanservices.net\/index.php\/wp-json\/wp\/v2\/users\/1"}],"replies":[{"embeddable":true,"href":"https:\/\/mbdcleanservices.net\/index.php\/wp-json\/wp\/v2\/comments?post=685"}],"version-history":[{"count":4,"href":"https:\/\/mbdcleanservices.net\/index.php\/wp-json\/wp\/v2\/pages\/685\/revisions"}],"predecessor-version":[{"id":1037,"href":"https:\/\/mbdcleanservices.net\/index.php\/wp-json\/wp\/v2\/pages\/685\/revisions\/1037"}],"wp:attachment":[{"href":"https:\/\/mbdcleanservices.net\/index.php\/wp-json\/wp\/v2\/media?parent=685"}],"curies":[{"name":"wp","href":"https:\/\/api.w.org\/{rel}","templated":true}]}}