{"id":368,"date":"2020-11-18T11:00:16","date_gmt":"2020-11-18T11:00:16","guid":{"rendered":"https:\/\/demosites.io\/nonprofit-gb\/?page_id=368"},"modified":"2025-09-01T16:12:48","modified_gmt":"2025-09-01T16:12:48","slug":"recrutement","status":"publish","type":"page","link":"https:\/\/mbdcleanservices.net\/index.php\/recrutement\/","title":{"rendered":"Recrutement"},"content":{"rendered":"\n<div class=\"wp-block-cover alignfull has-parallax animated fadeIn\"><div class=\"wp-block-cover__image-background wp-image-922 has-parallax\" style=\"background-position:50% 50%;background-image:url(https:\/\/mbdcleanservices.net\/wp-content\/uploads\/2025\/03\/pexels-tima-miroshnichenko-5439381-scaled.jpg)\"><\/div><span aria-hidden=\"true\" class=\"wp-block-cover__background has-black-background-color has-background-dim\"><\/span><div class=\"wp-block-cover__inner-container is-layout-flow wp-block-cover-is-layout-flow\">\n<div class=\"wp-block-group\"><div class=\"wp-block-group__inner-container is-layout-flow wp-block-group-is-layout-flow\">\n<h2 class=\"wp-block-heading alignfull has-text-align-center animated backInLeft has-white-color has-text-color\">Recrutement<\/h2>\n\n\n\n<p class=\"has-text-align-center animated backInLeft has-white-color has-text-color\">Rejoignez-nous et faites partie d&#8217;une \u00e9quipe gagnante<\/p>\n<\/div><\/div>\n<\/div><\/div>\n\n\n\n<div class=\"wp-block-columns is-layout-flex wp-container-core-columns-is-layout-9d6595d7 wp-block-columns-is-layout-flex\">\n<div class=\"wp-block-column is-layout-flow wp-block-column-is-layout-flow\" style=\"flex-basis:100%\">\n<div class=\"wp-block-columns are-vertically-aligned-center is-layout-flex wp-container-core-columns-is-layout-9d6595d7 wp-block-columns-is-layout-flex\">\n<div class=\"wp-block-column is-vertically-aligned-center is-layout-flow wp-block-column-is-layout-flow\" style=\"padding-top:var(--wp--preset--spacing--80);padding-bottom:0\">\n<h2 class=\"wp-block-heading has-text-align-center\" style=\"padding-top:0;padding-bottom:0\">Rejoignez l\u2019\u00e9quipe<\/h2>\n\n\n\n<p class=\"has-text-align-center\">Vous recherchez une opportunit\u00e9 dans le secteur du nettoyage professionnel ? Chez MBD CLEAN SERVICES, nous mettons en avant l\u2019excellence, le professionnalisme et le respect de l\u2019environnement. Si vous souhaitez \u00e9voluer dans une entreprise dynamique et engag\u00e9e, nous serions ravis de vous accueillir !<\/p>\n<\/div>\n<\/div>\n<\/div>\n<\/div>\n\n\n\n<div class=\"wp-block-columns is-layout-flex wp-container-core-columns-is-layout-9d6595d7 wp-block-columns-is-layout-flex\">\n<div class=\"wp-block-column is-layout-flow wp-block-column-is-layout-flow\" style=\"flex-basis:50%\">\n<h3 class=\"wp-block-heading has-text-align-center\">Pourquoi rejoindre MBD CLEAN SERVICES ?<\/h3>\n\n\n\n<p class=\"has-text-align-center\">Formation continue<br>Environnement de travail motivant<br>Opportunit\u00e9s de croissance<br>Engagement environnemental<\/p>\n<\/div>\n\n\n\n<div class=\"wp-block-column is-vertically-aligned-center is-layout-flow wp-block-column-is-layout-flow\" style=\"flex-basis:50%\">\n<div style=\"height:65px\" aria-hidden=\"true\" class=\"wp-block-spacer\"><\/div>\n\n\n\n<p class=\"has-text-align-center\">Nous investissons dans le d\u00e9veloppement de nos collaborateurs pour assurer un service d\u2019excellence. Rejoignez une \u00e9quipe soud\u00e9e avec des opportunit\u00e9s d\u2019\u00e9volution. Travaillez avec des m\u00e9thodes \u00e9cologiques et responsables.<\/p>\n<\/div>\n<\/div>\n\n\n\n<div class=\"wp-block-columns is-layout-flex wp-container-core-columns-is-layout-9d6595d7 wp-block-columns-is-layout-flex\">\n<div class=\"wp-block-column is-layout-flow wp-block-column-is-layout-flow\" style=\"flex-basis:50%\">\n<h3 class=\"wp-block-heading has-text-align-center\">Conditions de travail<\/h3>\n\n\n\n<p class=\"has-text-align-center\">Contrat stable avec r\u00e9mun\u00e9ration attractive<br>Horaires flexibles adapt\u00e9s \u00e0 votre disponibilit\u00e9<br>Formation assur\u00e9e d\u00e8s votre arriv\u00e9e<\/p>\n<\/div>\n\n\n\n<div class=\"wp-block-column is-vertically-aligned-center is-layout-flow wp-block-column-is-layout-flow\" style=\"flex-basis:50%\">\n<h3 class=\"wp-block-heading has-text-align-center\">Profils recherch\u00e9s<\/h3>\n\n\n\n<p class=\"has-text-align-center\">Nous recrutons des agents de propret\u00e9, superviseurs de nettoyage et gestionnaires de site. Que vous soyez exp\u00e9riment\u00e9 ou d\u00e9butant, nous valorisons la motivation, le s\u00e9rieux et l\u2019envie d\u2019apprendre.<\/p>\n<\/div>\n<\/div>\n\n\n\n<h2 class=\"wp-block-heading has-text-align-center\">Pour plus de questions<\/h2>\n\n\n\n<p class=\"has-text-align-center\">Envie de nous rejoindre ? Postulez d\u00e8s maintenant en remplissant le formulaire ci-dessous ou envoyez-nous votre CV \u00e0\u00a0<a>contact@mbdcleanservices.net<\/a><\/p>\n\n\n\n<p class=\"has-text-align-center\">Des questions ? Contactez-nous au&nbsp;<strong>+41799151373<\/strong>.<\/p>\n\n\n\n<p><\/p>\n","protected":false},"excerpt":{"rendered":"<p>Rejoignez l\u2019\u00e9quipe Vous recherchez une opportunit\u00e9 dans le secteur du nettoyage professionnel ? Chez MBD CLEAN SERVICES, nous mettons en avant l\u2019excellence, le professionnalisme et le respect de l\u2019environnement. Si vous souhaitez \u00e9voluer dans une entreprise dynamique et engag\u00e9e, nous serions ravis de vous accueillir ! Pourquoi rejoindre MBD CLEAN SERVICES ? Formation continueEnvironnement de&hellip;&nbsp;<a href=\"https:\/\/mbdcleanservices.net\/index.php\/recrutement\/\" rel=\"bookmark\">Ler mais &raquo;<span class=\"screen-reader-text\">Recrutement<\/span><\/a><\/p>\n","protected":false},"author":1,"featured_media":0,"parent":0,"menu_order":0,"comment_status":"closed","ping_status":"closed","template":"","meta":{"neve_meta_sidebar":"full-width","neve_meta_container":"","neve_meta_enable_content_width":"on","neve_meta_content_width":100,"neve_meta_title_alignment":"","neve_meta_author_avatar":"","neve_post_elements_order":"","neve_meta_disable_header":"","neve_meta_disable_footer":"","neve_meta_disable_title":"on","_themeisle_gutenberg_block_has_review":false,"footnotes":""},"class_list":["post-368","page","type-page","status-publish","hentry"],"_links":{"self":[{"href":"https:\/\/mbdcleanservices.net\/index.php\/wp-json\/wp\/v2\/pages\/368","targetHints":{"allow":["GET"]}}],"collection":[{"href":"https:\/\/mbdcleanservices.net\/index.php\/wp-json\/wp\/v2\/pages"}],"about":[{"href":"https:\/\/mbdcleanservices.net\/index.php\/wp-json\/wp\/v2\/types\/page"}],"author":[{"embeddable":true,"href":"https:\/\/mbdcleanservices.net\/index.php\/wp-json\/wp\/v2\/users\/1"}],"replies":[{"embeddable":true,"href":"https:\/\/mbdcleanservices.net\/index.php\/wp-json\/wp\/v2\/comments?post=368"}],"version-history":[{"count":72,"href":"https:\/\/mbdcleanservices.net\/index.php\/wp-json\/wp\/v2\/pages\/368\/revisions"}],"predecessor-version":[{"id":1088,"href":"https:\/\/mbdcleanservices.net\/index.php\/wp-json\/wp\/v2\/pages\/368\/revisions\/1088"}],"wp:attachment":[{"href":"https:\/\/mbdcleanservices.net\/index.php\/wp-json\/wp\/v2\/media?parent=368"}],"curies":[{"name":"wp","href":"https:\/\/api.w.org\/{rel}","templated":true}]}}