{"id":342,"date":"2020-11-10T18:38:39","date_gmt":"2020-11-10T18:38:39","guid":{"rendered":"https:\/\/demosites.io\/nonprofit-gb\/?page_id=342"},"modified":"2025-03-18T17:55:31","modified_gmt":"2025-03-18T17:55:31","slug":"7ca6c-terms-and-privacy","status":"publish","type":"page","link":"https:\/\/mbdcleanservices.net\/index.php\/7ca6c-terms-and-privacy\/","title":{"rendered":"Conditions G\u00e9n\u00e9rales"},"content":{"rendered":"\n<h3 class=\"wp-block-heading\"><strong>1. Objet<\/strong><\/h3>\n\n\n\n<p>Ces Conditions G\u00e9n\u00e9rales d\u00e9finissent les r\u00e8gles de prestation des services de nettoyage r\u00e9sidentiel et professionnel.<\/p>\n\n\n\n<h3 class=\"wp-block-heading\"><strong>2. R\u00e9servation et Annulation<\/strong><\/h3>\n\n\n\n<ul class=\"wp-block-list\">\n<li>La r\u00e9servation doit \u00eatre effectu\u00e9e au moins <strong>48 heures \u00e0 l\u2019avance<\/strong>.<\/li>\n\n\n\n<li>Toute annulation ou report doit \u00eatre signal\u00e9 <strong>24 heures \u00e0 l\u2019avance<\/strong>. Dans le cas contraire, <strong>50% du montant du service sera factur\u00e9<\/strong>.<\/li>\n<\/ul>\n\n\n\n<h3 class=\"wp-block-heading\"><strong>3. Responsabilit\u00e9s de l\u2019Entreprise<\/strong><\/h3>\n\n\n\n<ul class=\"wp-block-list\">\n<li>Fournir des professionnels qualifi\u00e9s et du mat\u00e9riel adapt\u00e9.<\/li>\n\n\n\n<li>Assurer la prestation conforme au plan souscrit.<\/li>\n\n\n\n<li>Garantir la confidentialit\u00e9 et la s\u00e9curit\u00e9 des informations des clients.<\/li>\n<\/ul>\n\n\n\n<h3 class=\"wp-block-heading\"><strong>4. Responsabilit\u00e9s du Client<\/strong><\/h3>\n\n\n\n<ul class=\"wp-block-list\">\n<li>Assurer l\u2019acc\u00e8s aux locaux \u00e0 la date et l\u2019heure convenues.<\/li>\n\n\n\n<li>Informer \u00e0 l\u2019avance des zones sensibles ou objets fragiles.<\/li>\n\n\n\n<li>Effectuer le paiement selon les conditions convenues.<\/li>\n<\/ul>\n\n\n\n<h3 class=\"wp-block-heading\"><strong>5. Garantie et R\u00e9clamations<\/strong><\/h3>\n\n\n\n<p>Si le client n\u2019est pas satisfait du service, il doit nous contacter dans un d\u00e9lai de <strong>24 heures<\/strong> afin que nous puissions apporter une solution appropri\u00e9e.<\/p>\n\n\n\n<h3 class=\"wp-block-heading\"><strong>6. Politique de Paiement<\/strong><\/h3>\n\n\n\n<ul class=\"wp-block-list\">\n<li>Le paiement doit \u00eatre effectu\u00e9 le jour du service ou selon le contrat.<\/li>\n\n\n\n<li>Les paiements en retard peuvent \u00eatre soumis \u00e0 des int\u00e9r\u00eats de <strong>5% par mois<\/strong>.<\/li>\n<\/ul>\n\n\n\n<h3 class=\"wp-block-heading\"><strong>7. Politique de Confidentialit\u00e9<\/strong><\/h3>\n\n\n\n<p>Les donn\u00e9es des clients sont strictement confidentielles et utilis\u00e9es uniquement \u00e0 des fins administratives et op\u00e9rationnelles.<\/p>\n\n\n\n<p><\/p>\n","protected":false},"excerpt":{"rendered":"<p>1. Objet Ces Conditions G\u00e9n\u00e9rales d\u00e9finissent les r\u00e8gles de prestation des services de nettoyage r\u00e9sidentiel et professionnel. 2. R\u00e9servation et Annulation 3. Responsabilit\u00e9s de l\u2019Entreprise 4. Responsabilit\u00e9s du Client 5. Garantie et R\u00e9clamations Si le client n\u2019est pas satisfait du service, il doit nous contacter dans un d\u00e9lai de 24 heures afin que nous puissions&hellip;&nbsp;<a href=\"https:\/\/mbdcleanservices.net\/index.php\/7ca6c-terms-and-privacy\/\" rel=\"bookmark\">Ler mais &raquo;<span class=\"screen-reader-text\">Conditions G\u00e9n\u00e9rales<\/span><\/a><\/p>\n","protected":false},"author":1,"featured_media":0,"parent":0,"menu_order":0,"comment_status":"closed","ping_status":"closed","template":"","meta":{"neve_meta_sidebar":"","neve_meta_container":"","neve_meta_enable_content_width":"","neve_meta_content_width":0,"neve_meta_title_alignment":"","neve_meta_author_avatar":"","neve_post_elements_order":"","neve_meta_disable_header":"","neve_meta_disable_footer":"","neve_meta_disable_title":"","_themeisle_gutenberg_block_has_review":false,"footnotes":""},"class_list":["post-342","page","type-page","status-publish","hentry"],"_links":{"self":[{"href":"https:\/\/mbdcleanservices.net\/index.php\/wp-json\/wp\/v2\/pages\/342","targetHints":{"allow":["GET"]}}],"collection":[{"href":"https:\/\/mbdcleanservices.net\/index.php\/wp-json\/wp\/v2\/pages"}],"about":[{"href":"https:\/\/mbdcleanservices.net\/index.php\/wp-json\/wp\/v2\/types\/page"}],"author":[{"embeddable":true,"href":"https:\/\/mbdcleanservices.net\/index.php\/wp-json\/wp\/v2\/users\/1"}],"replies":[{"embeddable":true,"href":"https:\/\/mbdcleanservices.net\/index.php\/wp-json\/wp\/v2\/comments?post=342"}],"version-history":[{"count":4,"href":"https:\/\/mbdcleanservices.net\/index.php\/wp-json\/wp\/v2\/pages\/342\/revisions"}],"predecessor-version":[{"id":1049,"href":"https:\/\/mbdcleanservices.net\/index.php\/wp-json\/wp\/v2\/pages\/342\/revisions\/1049"}],"wp:attachment":[{"href":"https:\/\/mbdcleanservices.net\/index.php\/wp-json\/wp\/v2\/media?parent=342"}],"curies":[{"name":"wp","href":"https:\/\/api.w.org\/{rel}","templated":true}]}}