{"id":11,"date":"2025-02-04T21:43:28","date_gmt":"2025-02-04T21:43:28","guid":{"rendered":"https:\/\/mbdcleanservices.net\/?page_id=11"},"modified":"2025-09-01T16:13:59","modified_gmt":"2025-09-01T16:13:59","slug":"a-propos-de-nous","status":"publish","type":"page","link":"https:\/\/mbdcleanservices.net\/index.php\/a-propos-de-nous\/","title":{"rendered":"\u00c0 Propos De Nous"},"content":{"rendered":"\n<div class=\"wp-block-cover alignfull has-parallax\" style=\"padding-top:0;padding-bottom:0;min-height:527px;aspect-ratio:unset;\"><div class=\"wp-block-cover__image-background wp-image-713 has-parallax\" style=\"background-position:50% 50%;background-image:url(https:\/\/mbdcleanservices.net\/wp-content\/uploads\/2025\/02\/pexels-tima-miroshnichenko-6195129.jpg)\"><\/div><span aria-hidden=\"true\" class=\"wp-block-cover__background has-background-dim\"><\/span><div class=\"wp-block-cover__inner-container is-layout-flow wp-block-cover-is-layout-flow\">\n<p class=\"has-text-align-center animated bounce has-nv-light-bg-color has-text-color has-link-color has-large-font-size wp-elements-a176b75033483d25d9578abd50b5e862\"><strong>\u00c0 propos de nous \u2013 MBD <\/strong>CLEAN SERVICES<\/p>\n<\/div><\/div>\n\n\n\n<div style=\"height:100px\" aria-hidden=\"true\" class=\"wp-block-spacer\"><\/div>\n\n\n\n<h2 class=\"wp-block-heading alignwide animated fadeIn has-medium-font-size\" style=\"padding-top:var(--wp--preset--spacing--60);padding-bottom:var(--wp--preset--spacing--60)\">Chez MBD CLEAN SERVICES, nous croyons que l&#8217;excellence en mati\u00e8re de nettoyage va au-del\u00e0 de la simple maintenance des espaces. Notre engagement repose sur trois piliers fondamentaux : le professionnalisme, la disponibilit\u00e9 et la qualit\u00e9 d&#8217;ex\u00e9cution. Nous travaillons chaque jour pour r\u00e9pondre aux besoins de nos clients de la mani\u00e8re la plus optimale possible, en garantissant un contr\u00f4le de qualit\u00e9 rigoureux, une relation de proximit\u00e9 avec le client et un engagement envers des pratiques environnementales responsables.<\/h2>\n\n\n\n<div class=\"wp-block-group alignwide\"><div class=\"wp-block-group__inner-container is-layout-constrained wp-block-group-is-layout-constrained\">\n<div class=\"wp-block-columns alignwide are-vertically-aligned-top animated zoomIn is-layout-flex wp-container-core-columns-is-layout-9d6595d7 wp-block-columns-is-layout-flex\">\n<div class=\"wp-block-column is-vertically-aligned-top is-layout-flow wp-block-column-is-layout-flow\">\n<h3 class=\"wp-block-heading has-text-align-center\">Engagement envers la qualit\u00e9<\/h3>\n\n\n\n<p style=\"padding-top:var(--wp--preset--spacing--60);padding-bottom:var(--wp--preset--spacing--60)\">Nous mettons un point d&#8217;honneur \u00e0 la qualit\u00e9 de nos services en investissant dans la formation continue de notre \u00e9quipe. Nos collaborateurs sont rigoureusement form\u00e9s, v\u00e9rifi\u00e9s et sp\u00e9cialis\u00e9s, garantissant des normes \u00e9lev\u00e9es d&#8217;hygi\u00e8ne et de s\u00e9curit\u00e9. Des rapports d\u00e9taill\u00e9s sont r\u00e9dig\u00e9s pour assurer une am\u00e9lioration constante de la qualit\u00e9.<\/p>\n<\/div>\n\n\n\n<div class=\"wp-block-column is-vertically-aligned-top is-layout-flow wp-block-column-is-layout-flow\">\n<h3 class=\"wp-block-heading has-text-align-center\">Orientation client<\/h3>\n\n\n\n<p style=\"padding-top:var(--wp--preset--spacing--60);padding-bottom:var(--wp--preset--spacing--60)\">Nos clients sont au c\u0153ur de nos priorit\u00e9s. Chaque client b\u00e9n\u00e9ficie d&#8217;un gestionnaire d\u00e9di\u00e9 pour comprendre ses besoins, r\u00e9pondre \u00e0 ses questions, et \u00e9laborer un plan de services personnalis\u00e9 qui \u00e9quilibre co\u00fbt et qualit\u00e9, garantissant ainsi une satisfaction continue.<\/p>\n<\/div>\n\n\n\n<div class=\"wp-block-column is-vertically-aligned-top is-layout-flow wp-block-column-is-layout-flow\">\n<h3 class=\"wp-block-heading has-text-align-center\" style=\"padding-top:0;padding-bottom:0\">Durabilit\u00e9 et responsabilit\u00e9 environnementale<\/h3>\n\n\n\n<p>Nous adoptons des pratiques durables en utilisant des produits \u00e9cologiques et des processus visant \u00e0 r\u00e9duire l&#8217;impact environnemental, assurant un service de nettoyage efficace tout en pr\u00e9servant le bien-\u00eatre des personnes et de l&#8217;environnement.<\/p>\n<\/div>\n<\/div>\n<\/div><\/div>\n","protected":false},"excerpt":{"rendered":"<p>Chez MBD CLEAN SERVICES, nous croyons que l&#8217;excellence en mati\u00e8re de nettoyage va au-del\u00e0 de la simple maintenance des espaces. Notre engagement repose sur trois piliers fondamentaux : le professionnalisme, la disponibilit\u00e9 et la qualit\u00e9 d&#8217;ex\u00e9cution. Nous travaillons chaque jour pour r\u00e9pondre aux besoins de nos clients de la mani\u00e8re la plus optimale possible, en&hellip;&nbsp;<a href=\"https:\/\/mbdcleanservices.net\/index.php\/a-propos-de-nous\/\" rel=\"bookmark\">Ler mais &raquo;<span class=\"screen-reader-text\">\u00c0 Propos De Nous<\/span><\/a><\/p>\n","protected":false},"author":1,"featured_media":0,"parent":0,"menu_order":0,"comment_status":"closed","ping_status":"closed","template":"page-templates\/template-pagebuilder-full-width.php","meta":{"neve_meta_sidebar":"","neve_meta_container":"","neve_meta_enable_content_width":"","neve_meta_content_width":0,"neve_meta_title_alignment":"","neve_meta_author_avatar":"","neve_post_elements_order":"","neve_meta_disable_header":"","neve_meta_disable_footer":"","neve_meta_disable_title":"","_themeisle_gutenberg_block_has_review":false,"footnotes":""},"class_list":["post-11","page","type-page","status-publish","hentry"],"_links":{"self":[{"href":"https:\/\/mbdcleanservices.net\/index.php\/wp-json\/wp\/v2\/pages\/11","targetHints":{"allow":["GET"]}}],"collection":[{"href":"https:\/\/mbdcleanservices.net\/index.php\/wp-json\/wp\/v2\/pages"}],"about":[{"href":"https:\/\/mbdcleanservices.net\/index.php\/wp-json\/wp\/v2\/types\/page"}],"author":[{"embeddable":true,"href":"https:\/\/mbdcleanservices.net\/index.php\/wp-json\/wp\/v2\/users\/1"}],"replies":[{"embeddable":true,"href":"https:\/\/mbdcleanservices.net\/index.php\/wp-json\/wp\/v2\/comments?post=11"}],"version-history":[{"count":23,"href":"https:\/\/mbdcleanservices.net\/index.php\/wp-json\/wp\/v2\/pages\/11\/revisions"}],"predecessor-version":[{"id":1089,"href":"https:\/\/mbdcleanservices.net\/index.php\/wp-json\/wp\/v2\/pages\/11\/revisions\/1089"}],"wp:attachment":[{"href":"https:\/\/mbdcleanservices.net\/index.php\/wp-json\/wp\/v2\/media?parent=11"}],"curies":[{"name":"wp","href":"https:\/\/api.w.org\/{rel}","templated":true}]}}